{"id":31675,"date":"2023-03-22T18:40:11","date_gmt":"2023-03-22T17:40:11","guid":{"rendered":"https:\/\/www.vins-niero.com\/boutique\/les-400-de-la-valliere\/"},"modified":"2024-02-02T16:23:33","modified_gmt":"2024-02-02T15:23:33","slug":"les-400-de-la-valliere","status":"publish","type":"product","link":"https:\/\/www.vins-niero.com\/en\/boutique\/les-400-de-la-valliere\/","title":{"rendered":"Les 400 de la Valli\u00e8re"},"content":{"rendered":"\t\t<div data-elementor-type=\"wp-post\" data-elementor-id=\"31675\" class=\"elementor elementor-31675 elementor-29015\">\n\t\t\t\t\t\t<section class=\"elementor-section elementor-top-section elementor-element elementor-element-394e49a9 elementor-section-boxed elementor-section-height-default elementor-section-height-default\" data-id=\"394e49a9\" data-element_type=\"section\" data-e-type=\"section\">\n\t\t\t\t\t\t<div class=\"elementor-container elementor-column-gap-default\">\n\t\t\t\t\t<div class=\"elementor-column elementor-col-50 elementor-top-column elementor-element elementor-element-1cac260d\" data-id=\"1cac260d\" data-element_type=\"column\" data-e-type=\"column\">\n\t\t\t<div class=\"elementor-widget-wrap elementor-element-populated\">\n\t\t\t\t\t\t<section class=\"elementor-section elementor-inner-section elementor-element elementor-element-c0d9ae1 elementor-section-content-middle elementor-section-boxed elementor-section-height-default elementor-section-height-default\" data-id=\"c0d9ae1\" data-element_type=\"section\" data-e-type=\"section\">\n\t\t\t\t\t\t<div class=\"elementor-container elementor-column-gap-default\">\n\t\t\t\t\t<div class=\"elementor-column elementor-col-50 elementor-inner-column elementor-element elementor-element-dca12be\" data-id=\"dca12be\" data-element_type=\"column\" data-e-type=\"column\">\n\t\t\t<div class=\"elementor-widget-wrap elementor-element-populated\">\n\t\t\t\t\t\t<div class=\"elementor-element elementor-element-dd58975 elementor-widget elementor-widget-image\" data-id=\"dd58975\" data-element_type=\"widget\" data-e-type=\"widget\" data-widget_type=\"image.default\">\n\t\t\t\t\t\t\t\t\t\t\t\t\t\t\t<img fetchpriority=\"high\" decoding=\"async\" width=\"512\" height=\"512\" src=\"https:\/\/www.vins-niero.com\/wp-content\/uploads\/xstore\/xstore-placeholder-10x10.png\" class=\"attachment-full size-full wp-image-31043 lazyload lazyload-simple et-lazyload-fadeIn\" alt=\"\" data-src=\"https:\/\/www.vins-niero.com\/wp-content\/uploads\/2023\/03\/terroir-domaine-niero.svg\" \/>\t\t\t\t\t\t\t\t\t\t\t\t\t\t\t<\/div>\n\t\t\t\t\t<\/div>\n\t\t<\/div>\n\t\t\t\t<div class=\"elementor-column elementor-col-50 elementor-inner-column elementor-element elementor-element-2ad1478\" data-id=\"2ad1478\" data-element_type=\"column\" data-e-type=\"column\">\n\t\t\t<div class=\"elementor-widget-wrap elementor-element-populated\">\n\t\t\t\t\t\t<div class=\"elementor-element elementor-element-1152de6 elementor-widget elementor-widget-etheme_animated_headline\" data-id=\"1152de6\" data-element_type=\"widget\" data-e-type=\"widget\" data-settings=\"{&quot;text_style&quot;:&quot;animate&quot;,&quot;animation_type&quot;:&quot;swirl&quot;,&quot;animated_text&quot;:&quot;TERROIR&quot;}\" data-widget_type=\"etheme_animated_headline.default\">\n\t\t\t\t<div class=\"elementor-widget-container\">\n\t\t\t\t\t        \n        <div class=\"etheme-headline-wrapper\">\n            <h2 class=\"etheme-headline etheme-headline-animation-type-swirl\" data-style=\"animate\">\n\t\t                        <span class=\"etheme-headline-text-wrapper\">\n                \n\t\t            \n                    <span class=\"etheme-headline-text etheme-headline-text-active\">TERROIR<\/span>                \n                <\/span>\n                            <\/h2>\n        <\/div>\n        \n\t\t\t\t\t\t<\/div>\n\t\t\t\t<\/div>\n\t\t\t\t\t<\/div>\n\t\t<\/div>\n\t\t\t\t\t<\/div>\n\t\t<\/section>\n\t\t\t\t<div class=\"elementor-element elementor-element-2b20fd1 elementor-widget elementor-widget-text-editor\" data-id=\"2b20fd1\" data-element_type=\"widget\" data-e-type=\"widget\" data-widget_type=\"text-editor.default\">\n\t\t\t\t\t\t\t\t\t<p>Located in the north of the appellation, on south-east-facing micaschist soils, this parcel is planted on a very steep hillside with slopes sometimes exceeding 40%. 100% Syrah grape variety<\/p>\n\t\t\t\t\t\t\t\t<\/div>\n\t\t\t\t\t<\/div>\n\t\t<\/div>\n\t\t\t\t<div class=\"elementor-column elementor-col-50 elementor-top-column elementor-element elementor-element-8c4e3f2\" data-id=\"8c4e3f2\" data-element_type=\"column\" data-e-type=\"column\">\n\t\t\t<div class=\"elementor-widget-wrap elementor-element-populated\">\n\t\t\t\t\t\t<section class=\"elementor-section elementor-inner-section elementor-element elementor-element-ea6e3be elementor-section-content-middle elementor-section-boxed elementor-section-height-default elementor-section-height-default\" data-id=\"ea6e3be\" data-element_type=\"section\" data-e-type=\"section\">\n\t\t\t\t\t\t<div class=\"elementor-container elementor-column-gap-default\">\n\t\t\t\t\t<div class=\"elementor-column elementor-col-50 elementor-inner-column elementor-element elementor-element-12b88b4\" data-id=\"12b88b4\" data-element_type=\"column\" data-e-type=\"column\">\n\t\t\t<div class=\"elementor-widget-wrap elementor-element-populated\">\n\t\t\t\t\t\t<div class=\"elementor-element elementor-element-205ef5b elementor-widget elementor-widget-image\" data-id=\"205ef5b\" data-element_type=\"widget\" data-e-type=\"widget\" data-widget_type=\"image.default\">\n\t\t\t\t\t\t\t\t\t\t\t\t\t\t\t<img decoding=\"async\" width=\"512\" height=\"512\" src=\"https:\/\/www.vins-niero.com\/wp-content\/uploads\/xstore\/xstore-placeholder-10x10.png\" class=\"attachment-full size-full wp-image-31045 lazyload lazyload-simple et-lazyload-fadeIn\" alt=\"\" data-src=\"https:\/\/www.vins-niero.com\/wp-content\/uploads\/2023\/03\/accords-mets-et-vins-domaine-niero.svg\" \/>\t\t\t\t\t\t\t\t\t\t\t\t\t\t\t<\/div>\n\t\t\t\t\t<\/div>\n\t\t<\/div>\n\t\t\t\t<div class=\"elementor-column elementor-col-50 elementor-inner-column elementor-element elementor-element-0722706\" data-id=\"0722706\" data-element_type=\"column\" data-e-type=\"column\">\n\t\t\t<div class=\"elementor-widget-wrap elementor-element-populated\">\n\t\t\t\t\t\t<div class=\"elementor-element elementor-element-b8e8dc4 elementor-widget elementor-widget-etheme_animated_headline\" data-id=\"b8e8dc4\" data-element_type=\"widget\" data-e-type=\"widget\" data-settings=\"{&quot;text_style&quot;:&quot;animate&quot;,&quot;animation_type&quot;:&quot;swirl&quot;,&quot;animated_text&quot;:&quot;WINE AND FOOD PAIRING&quot;}\" data-widget_type=\"etheme_animated_headline.default\">\n\t\t\t\t<div class=\"elementor-widget-container\">\n\t\t\t\t\t        \n        <div class=\"etheme-headline-wrapper\">\n            <h2 class=\"etheme-headline etheme-headline-animation-type-swirl\" data-style=\"animate\">\n\t\t                        <span class=\"etheme-headline-text-wrapper\">\n                \n\t\t            \n                    <span class=\"etheme-headline-text etheme-headline-text-active\">WINE&nbsp;AND&nbsp;FOOD&nbsp;PAIRING<\/span>                \n                <\/span>\n                            <\/h2>\n        <\/div>\n        \n\t\t\t\t\t\t<\/div>\n\t\t\t\t<\/div>\n\t\t\t\t\t<\/div>\n\t\t<\/div>\n\t\t\t\t\t<\/div>\n\t\t<\/section>\n\t\t\t\t<div class=\"elementor-element elementor-element-65b16de elementor-widget elementor-widget-text-editor\" data-id=\"65b16de\" data-element_type=\"widget\" data-e-type=\"widget\" data-widget_type=\"text-editor.default\">\n\t\t\t\t\t\t\t\t\t<p>Situ\u00e9e au nord de l&#8217;appellation, sur des sols de micaschistes orient\u00e9s sud-est, cette parcelle est plant\u00e9e sur un coteau tr\u00e8s pentu dont les pentes d\u00e9passent parfois 40 %. 100% Syrah grape variety<\/p>\n\t\t\t\t\t\t\t\t<\/div>\n\t\t\t\t\t<\/div>\n\t\t<\/div>\n\t\t\t\t\t<\/div>\n\t\t<\/section>\n\t\t\t\t<section class=\"elementor-section elementor-top-section elementor-element elementor-element-63e0682 elementor-section-boxed elementor-section-height-default elementor-section-height-default\" data-id=\"63e0682\" data-element_type=\"section\" data-e-type=\"section\">\n\t\t\t\t\t\t<div class=\"elementor-container elementor-column-gap-default\">\n\t\t\t\t\t<div class=\"elementor-column elementor-col-50 elementor-top-column elementor-element elementor-element-800ed7b\" data-id=\"800ed7b\" data-element_type=\"column\" data-e-type=\"column\">\n\t\t\t<div class=\"elementor-widget-wrap elementor-element-populated\">\n\t\t\t\t\t\t<section class=\"elementor-section elementor-inner-section elementor-element elementor-element-1df445e elementor-section-content-middle elementor-section-boxed elementor-section-height-default elementor-section-height-default\" data-id=\"1df445e\" data-element_type=\"section\" data-e-type=\"section\">\n\t\t\t\t\t\t<div class=\"elementor-container elementor-column-gap-default\">\n\t\t\t\t\t<div class=\"elementor-column elementor-col-50 elementor-inner-column elementor-element elementor-element-7c77ee6\" data-id=\"7c77ee6\" data-element_type=\"column\" data-e-type=\"column\">\n\t\t\t<div class=\"elementor-widget-wrap elementor-element-populated\">\n\t\t\t\t\t\t<div class=\"elementor-element elementor-element-8fda93d elementor-widget elementor-widget-image\" data-id=\"8fda93d\" data-element_type=\"widget\" data-e-type=\"widget\" data-widget_type=\"image.default\">\n\t\t\t\t\t\t\t\t\t\t\t\t\t\t\t<img decoding=\"async\" width=\"512\" height=\"512\" src=\"https:\/\/www.vins-niero.com\/wp-content\/uploads\/xstore\/xstore-placeholder-10x10.png\" class=\"attachment-full size-full wp-image-31044 lazyload lazyload-simple et-lazyload-fadeIn\" alt=\"\" data-src=\"https:\/\/www.vins-niero.com\/wp-content\/uploads\/2023\/03\/vinification-et-elevage-domaine-niero.svg\" \/>\t\t\t\t\t\t\t\t\t\t\t\t\t\t\t<\/div>\n\t\t\t\t\t<\/div>\n\t\t<\/div>\n\t\t\t\t<div class=\"elementor-column elementor-col-50 elementor-inner-column elementor-element elementor-element-d6b27c4\" data-id=\"d6b27c4\" data-element_type=\"column\" data-e-type=\"column\">\n\t\t\t<div class=\"elementor-widget-wrap elementor-element-populated\">\n\t\t\t\t\t\t<div class=\"elementor-element elementor-element-a1219d2 elementor-widget elementor-widget-etheme_animated_headline\" data-id=\"a1219d2\" data-element_type=\"widget\" data-e-type=\"widget\" data-settings=\"{&quot;text_style&quot;:&quot;animate&quot;,&quot;animation_type&quot;:&quot;swirl&quot;,&quot;animated_text&quot;:&quot;VINIFICATION &amp; MATURING &quot;}\" data-widget_type=\"etheme_animated_headline.default\">\n\t\t\t\t<div class=\"elementor-widget-container\">\n\t\t\t\t\t        \n        <div class=\"etheme-headline-wrapper\">\n            <h2 class=\"etheme-headline etheme-headline-animation-type-swirl\" data-style=\"animate\">\n\t\t                        <span class=\"etheme-headline-text-wrapper\">\n                \n\t\t            \n                    <span class=\"etheme-headline-text etheme-headline-text-active\">VINIFICATION&nbsp;&amp;&nbsp;MATURING<\/span>                \n                <\/span>\n                            <\/h2>\n        <\/div>\n        \n\t\t\t\t\t\t<\/div>\n\t\t\t\t<\/div>\n\t\t\t\t\t<\/div>\n\t\t<\/div>\n\t\t\t\t\t<\/div>\n\t\t<\/section>\n\t\t\t\t<div class=\"elementor-element elementor-element-b741b8e elementor-widget elementor-widget-text-editor\" data-id=\"b741b8e\" data-element_type=\"widget\" data-e-type=\"widget\" data-widget_type=\"text-editor.default\">\n\t\t\t\t\t\t\t\t\t<p>Long vatting period (3 weeks) after destemming in temperature-controlled concrete vats. Malolactic fermentation. Aged 24 months in 2 new barrels of 400 and 228 liters. Cellared for 2 years in bottle before marketing.<\/p>\n\t\t\t\t\t\t\t\t<\/div>\n\t\t\t\t\t<\/div>\n\t\t<\/div>\n\t\t\t\t<div class=\"elementor-column elementor-col-50 elementor-top-column elementor-element elementor-element-ab08666\" data-id=\"ab08666\" data-element_type=\"column\" data-e-type=\"column\">\n\t\t\t<div class=\"elementor-widget-wrap elementor-element-populated\">\n\t\t\t\t\t\t<section class=\"elementor-section elementor-inner-section elementor-element elementor-element-86fae7e elementor-section-content-middle elementor-section-boxed elementor-section-height-default elementor-section-height-default\" data-id=\"86fae7e\" data-element_type=\"section\" data-e-type=\"section\">\n\t\t\t\t\t\t<div class=\"elementor-container elementor-column-gap-default\">\n\t\t\t\t\t<div class=\"elementor-column elementor-col-50 elementor-inner-column elementor-element elementor-element-9dfff72\" data-id=\"9dfff72\" data-element_type=\"column\" data-e-type=\"column\">\n\t\t\t<div class=\"elementor-widget-wrap elementor-element-populated\">\n\t\t\t\t\t\t<div class=\"elementor-element elementor-element-c5c283b elementor-widget elementor-widget-image\" data-id=\"c5c283b\" data-element_type=\"widget\" data-e-type=\"widget\" data-widget_type=\"image.default\">\n\t\t\t\t\t\t\t\t\t\t\t\t\t\t\t<img loading=\"lazy\" decoding=\"async\" width=\"512\" height=\"512\" src=\"https:\/\/www.vins-niero.com\/wp-content\/uploads\/xstore\/xstore-placeholder-10x10.png\" class=\"attachment-full size-full wp-image-31046 lazyload lazyload-simple et-lazyload-fadeIn\" alt=\"\" data-src=\"https:\/\/www.vins-niero.com\/wp-content\/uploads\/2023\/03\/reference-domaine-niero.svg\" \/>\t\t\t\t\t\t\t\t\t\t\t\t\t\t\t<\/div>\n\t\t\t\t\t<\/div>\n\t\t<\/div>\n\t\t\t\t<div class=\"elementor-column elementor-col-50 elementor-inner-column elementor-element elementor-element-2fb76ce\" data-id=\"2fb76ce\" data-element_type=\"column\" data-e-type=\"column\">\n\t\t\t<div class=\"elementor-widget-wrap elementor-element-populated\">\n\t\t\t\t\t\t<div class=\"elementor-element elementor-element-20ce859 elementor-widget elementor-widget-etheme_animated_headline\" data-id=\"20ce859\" data-element_type=\"widget\" data-e-type=\"widget\" data-settings=\"{&quot;text_style&quot;:&quot;animate&quot;,&quot;animation_type&quot;:&quot;swirl&quot;,&quot;animated_text&quot;:&quot;REFERENCES&quot;}\" data-widget_type=\"etheme_animated_headline.default\">\n\t\t\t\t<div class=\"elementor-widget-container\">\n\t\t\t\t\t        \n        <div class=\"etheme-headline-wrapper\">\n            <h2 class=\"etheme-headline etheme-headline-animation-type-swirl\" data-style=\"animate\">\n\t\t                        <span class=\"etheme-headline-text-wrapper\">\n                \n\t\t            \n                    <span class=\"etheme-headline-text etheme-headline-text-active\">REFERENCES<\/span>                \n                <\/span>\n                            <\/h2>\n        <\/div>\n        \n\t\t\t\t\t\t<\/div>\n\t\t\t\t<\/div>\n\t\t\t\t\t<\/div>\n\t\t<\/div>\n\t\t\t\t\t<\/div>\n\t\t<\/section>\n\t\t\t\t<div class=\"elementor-element elementor-element-01632c6 elementor-widget elementor-widget-text-editor\" data-id=\"01632c6\" data-element_type=\"widget\" data-e-type=\"widget\" data-widget_type=\"text-editor.default\">\n\t\t\t\t\t\t\t\t\t<p>Wine Advocate Parker : 92-94 pts<\/p>\n\t\t\t\t\t\t\t\t<\/div>\n\t\t\t\t\t<\/div>\n\t\t<\/div>\n\t\t\t\t\t<\/div>\n\t\t<\/section>\n\t\t\t\t<\/div>\n\t\t","protected":false},"excerpt":{"rendered":"<p>This unique cuv\u00e9e is the result of exceptional years and a prestigious terroir, the lieu-dit &#8220;La Vialli\u00e8re&#8221;. Made from brown earth, it is distinguished by its depth, velvety texture and powerful aroma. Exclusively limited to 400 numbered magnums, the size of the bottles gives the wine an extraordinary capacity for ageing that will stand the test of time&#8230;<\/p>\n<div class=\"degustation d-flex\">\n<div class=\"d-flex\"><img loading=\"lazy\" decoding=\"async\" class=\"alignnone wp-image-29358\" src=\"https:\/\/www.vins-niero.com\/wp-content\/uploads\/2023\/04\/Robe-domaine-niero.svg\" alt=\"\" width=\"40\" height=\"40\"> <strong>Intense purple<\/strong><\/div>\n<div class=\"d-flex\"><img loading=\"lazy\" decoding=\"async\" class=\"alignnone wp-image-29357\" src=\"https:\/\/www.vins-niero.com\/wp-content\/uploads\/2023\/04\/Nez-domaine-niero.svg\" alt=\"\" width=\"40\" height=\"40\"> <strong>Elegant, floral and spicy. Evolves towards notes of truffle and dried flowers after a few years&#8217; cellaring.<\/strong><\/div>\n<div class=\"d-flex\"><img loading=\"lazy\" decoding=\"async\" class=\"alignnone wp-image-29356\" src=\"https:\/\/www.vins-niero.com\/wp-content\/uploads\/2023\/04\/Bouche-domaine-niero.svg\" alt=\"\" width=\"40\" height=\"40\"> <strong>Ample and delicate. Real lace.<\/strong><\/div>\n<div class=\"d-flex\"><a href=\"https:\/\/www.vins-niero.com\/wp-content\/uploads\/2023\/04\/Conseil-de-garde-domaine-niero.svg\"><img loading=\"lazy\" decoding=\"async\" class=\"alignnone wp-image-29374\" src=\"https:\/\/www.vins-niero.com\/wp-content\/uploads\/2023\/04\/Conseil-de-garde-domaine-niero.svg\" alt=\"\" width=\"40\" height=\"40\"><\/a> <strong>5 to 20 years<\/strong><\/div>\n<\/div>\n","protected":false},"featured_media":31140,"template":"elementor_theme","meta":[],"etheme_brands":[],"product_brand":[],"product_cat":[171],"product_tag":[176],"class_list":{"0":"post-31675","1":"product","2":"type-product","3":"status-publish","4":"has-post-thumbnail","6":"product_cat-cote-rotie-en","7":"product_tag-the-400","9":"first","10":"instock","11":"taxable","12":"shipping-taxable","13":"purchasable","14":"product-type-simple"},"_links":{"self":[{"href":"https:\/\/www.vins-niero.com\/en\/wp-json\/wp\/v2\/product\/31675","targetHints":{"allow":["GET"]}}],"collection":[{"href":"https:\/\/www.vins-niero.com\/en\/wp-json\/wp\/v2\/product"}],"about":[{"href":"https:\/\/www.vins-niero.com\/en\/wp-json\/wp\/v2\/types\/product"}],"version-history":[{"count":0,"href":"https:\/\/www.vins-niero.com\/en\/wp-json\/wp\/v2\/product\/31675\/revisions"}],"wp:featuredmedia":[{"embeddable":true,"href":"https:\/\/www.vins-niero.com\/en\/wp-json\/wp\/v2\/media\/31140"}],"wp:attachment":[{"href":"https:\/\/www.vins-niero.com\/en\/wp-json\/wp\/v2\/media?parent=31675"}],"wp:term":[{"taxonomy":"brand","embeddable":true,"href":"https:\/\/www.vins-niero.com\/en\/wp-json\/wp\/v2\/etheme_brands?post=31675"},{"taxonomy":"product_brand","embeddable":true,"href":"https:\/\/www.vins-niero.com\/en\/wp-json\/wp\/v2\/product_brand?post=31675"},{"taxonomy":"product_cat","embeddable":true,"href":"https:\/\/www.vins-niero.com\/en\/wp-json\/wp\/v2\/product_cat?post=31675"},{"taxonomy":"product_tag","embeddable":true,"href":"https:\/\/www.vins-niero.com\/en\/wp-json\/wp\/v2\/product_tag?post=31675"}],"curies":[{"name":"wp","href":"https:\/\/api.w.org\/{rel}","templated":true}]}}